{"id":340,"date":"2021-08-29T19:52:01","date_gmt":"2021-08-29T17:52:01","guid":{"rendered":"https:\/\/cms.dorfgemeinschaft-doernbach.at\/?page_id=340"},"modified":"2024-10-29T18:32:15","modified_gmt":"2024-10-29T17:32:15","slug":"impressum","status":"publish","type":"page","link":"https:\/\/cms.dorfgemeinschaft-doernbach.at\/?page_id=340","title":{"rendered":"Impressum"},"content":{"rendered":"\n<p><br><br><\/p>\n\n\n\n<figure class=\"wp-block-table\"><table><tbody><tr><td><strong>Vereinsname:<\/strong><\/td><td>Dorfgemeinschaft D\u00f6rnbach<\/td><\/tr><tr><td><strong>ZVR-Zahl:<\/strong><\/td><td>1308477478<\/td><\/tr><tr><td><strong>Obmann:<\/strong><\/td><td>David Thaller<\/td><\/tr><tr><td><strong>E-Mail:<\/strong><\/td><td>dorfgemeinschaft.doernbach@gmail.com<\/td><\/tr><tr><td><strong>Anschrift:<\/strong><\/td><td>Dorfgemeinschaft D\u00f6rnbach<br>Matthias Wippel<br>D\u00f6rnbacherstra\u00dfe 150<br>4073 Wilhering<\/td><\/tr><\/tbody><\/table><\/figure>\n","protected":false},"excerpt":{"rendered":"<p>Vereinsname: Dorfgemeinschaft D\u00f6rnbach ZVR-Zahl: 1308477478 Obmann: David Thaller E-Mail: dorfgemeinschaft.doernbach@gmail.com Anschrift: Dorfgemeinschaft D\u00f6rnbachMatthias WippelD\u00f6rnbacherstra\u00dfe 1504073 Wilhering<\/p>\n","protected":false},"author":1,"featured_media":0,"parent":0,"menu_order":0,"comment_status":"closed","ping_status":"closed","template":"","meta":{"footnotes":""},"class_list":["post-340","page","type-page","status-publish","hentry"],"_links":{"self":[{"href":"https:\/\/cms.dorfgemeinschaft-doernbach.at\/index.php?rest_route=\/wp\/v2\/pages\/340","targetHints":{"allow":["GET"]}}],"collection":[{"href":"https:\/\/cms.dorfgemeinschaft-doernbach.at\/index.php?rest_route=\/wp\/v2\/pages"}],"about":[{"href":"https:\/\/cms.dorfgemeinschaft-doernbach.at\/index.php?rest_route=\/wp\/v2\/types\/page"}],"author":[{"embeddable":true,"href":"https:\/\/cms.dorfgemeinschaft-doernbach.at\/index.php?rest_route=\/wp\/v2\/users\/1"}],"replies":[{"embeddable":true,"href":"https:\/\/cms.dorfgemeinschaft-doernbach.at\/index.php?rest_route=%2Fwp%2Fv2%2Fcomments&post=340"}],"version-history":[{"count":4,"href":"https:\/\/cms.dorfgemeinschaft-doernbach.at\/index.php?rest_route=\/wp\/v2\/pages\/340\/revisions"}],"predecessor-version":[{"id":550,"href":"https:\/\/cms.dorfgemeinschaft-doernbach.at\/index.php?rest_route=\/wp\/v2\/pages\/340\/revisions\/550"}],"wp:attachment":[{"href":"https:\/\/cms.dorfgemeinschaft-doernbach.at\/index.php?rest_route=%2Fwp%2Fv2%2Fmedia&parent=340"}],"curies":[{"name":"wp","href":"https:\/\/api.w.org\/{rel}","templated":true}]}}